{"id":7,"date":"2011-02-27T15:43:24","date_gmt":"2011-02-27T15:43:24","guid":{"rendered":"https:\/\/www.whisky.com.uy\/"},"modified":"2014-05-23T10:26:23","modified_gmt":"2014-05-23T13:26:23","slug":"historia-del-whisky","status":"publish","type":"page","link":"https:\/\/www.whisky.com.uy\/pt\/historia-del-whisky\/","title":{"rendered":"Hist\u00f3ria do Whisky"},"content":{"rendered":"<p>Hist\u00f3ria de Whisky, a &#8220;\u00e1gua da vida&#8221;. O primeiro registro de cevada e centeio destilado vai voltar para os celtas. Essa mistura foi considerada um presente dos deuses, para &#8220;reviver&#8221; o corpo morto, mais quente e alma durante os invernos frios.<\/p>\n<p><!--more--><\/p>\n<p><\/p>\n<figure id=\"attachment_19\" aria-describedby=\"caption-attachment-19\" style=\"width: 200px\" class=\"wp-caption alignleft\"><a href=\"https:\/\/www.whisky.com.uy\/wp-content\/uploads\/2011\/02\/barril-de-whisky.jpg\"><img loading=\"lazy\" decoding=\"async\" class=\"size-full wp-image-19 \" title=\"barril de whisky\" src=\"https:\/\/www.whisky.com.uy\/wp-content\/uploads\/2011\/02\/barril-de-whisky.jpg\" alt=\"barril de whisky escoces\" width=\"200\" height=\"200\" srcset=\"https:\/\/www.whisky.com.uy\/wp-content\/uploads\/2011\/02\/barril-de-whisky.jpg 200w, https:\/\/www.whisky.com.uy\/wp-content\/uploads\/2011\/02\/barril-de-whisky-150x150.jpg 150w, https:\/\/www.whisky.com.uy\/wp-content\/uploads\/2011\/02\/barril-de-whisky-184x184.jpg 184w, https:\/\/www.whisky.com.uy\/wp-content\/uploads\/2011\/02\/barril-de-whisky-135x135.jpg 135w\" sizes=\"auto, (max-width: 200px) 100vw, 200px\" \/><\/a><figcaption id=\"caption-attachment-19\" class=\"wp-caption-text\">Barril tradicional Whisky\u00a0escoc\u00eas, mant\u00e9m a tradi\u00e7\u00e3o e os costumes do artesanato.<\/figcaption><\/figure>\n<h1 style=\"text-align: justify;\">Hist\u00f3ria do Whisky:<\/h1>\n<p style=\"text-align: justify;\">O nome &#8220;Whisky&#8221; em ga\u00e9lico significa &#8220;uisge Beatha&#8221; ou em portugu\u00eas, &#8220;\u00e1gua da vida&#8221;<\/p>\n<p style=\"text-align: justify;\">A produ\u00e7\u00e3o de Whisky\u00a0primeira grande foi obtida na Esc\u00f3cia, de volta em 1494, quando Frei John Cor alcan\u00e7ou um volume equivalente a mais de 1400 litros do precioso n\u00e9ctar.<\/p>\n<p style=\"text-align: justify;\">Sua distribui\u00e7\u00e3o em massa come\u00e7ou como um ant\u00eddoto para a tristeza, de modo que a &#8220;medicina&#8221; foi consumido principalmente em funerais, ou por pessoas que tinham perdido um membro da fam\u00edlia ou um ente querido. Com o tempo, a bebida e brinde para aqueles entes queridos se transformou em um ato de alegria e de brinde se tornou moda. Para reanimantes propriedades quase m\u00e1gicas, ou o seu sabor especial e aroma puro, este elixir precioso foi um longo caminho.<\/p>\n<figure id=\"attachment_12\" aria-describedby=\"caption-attachment-12\" style=\"width: 300px\" class=\"wp-caption alignright\"><a href=\"https:\/\/www.whisky.com.uy\/wp-content\/uploads\/2011\/02\/historia-del-whisky.jpg\"><img loading=\"lazy\" decoding=\"async\" class=\"size-medium wp-image-12\" title=\"historia-del-whisky\" src=\"https:\/\/www.whisky.com.uy\/wp-content\/uploads\/2011\/02\/historia-del-whisky-300x185.jpg\" alt=\"Antiguas barricas roble donde a\u00f1ejar whisky\" width=\"300\" height=\"185\" srcset=\"https:\/\/www.whisky.com.uy\/wp-content\/uploads\/2011\/02\/historia-del-whisky-300x185.jpg 300w, https:\/\/www.whisky.com.uy\/wp-content\/uploads\/2011\/02\/historia-del-whisky.jpg 900w\" sizes=\"auto, (max-width: 300px) 100vw, 300px\" \/><\/a><figcaption id=\"caption-attachment-12\" class=\"wp-caption-text\">Antigos barris de carvalho de whisky envelhecimento. Actualmente, o sistema \u00e9 quase id\u00eantica.<\/figcaption><\/figure>\n<p style=\"text-align: justify;\">Foi s\u00f3 no meio do s\u00e9culo XIX, quando os escoceses come\u00e7aram whisky de malte mistura com whisky de gr\u00e3o, mais leve e mais barato. Este ponto representa uma evolu\u00e7\u00e3o fundamental para os diferentes tipos de whisky de malte e misturado \u00fanico, com a variedade quase ilimitada.<\/p>\n<p style=\"text-align: justify;\">Atualmente, os diferentes tipos de whisky s\u00e3o identificados pela \u00e1rea na qual \u00e9 feita e o tipo de processo.<\/p>\n<p><\/p>","protected":false},"excerpt":{"rendered":"<p>Hist\u00f3ria de u\u00edsque, a &#8220;\u00e1gua da vida&#8221;. O primeiro registro de cevada e centeio destilado vai voltar para os celtas. Essa mistura foi considerada um presente dos deuses, para &#8220;reviver&#8221; o corpo morto, mais quente e alma durante os invernos frios.<\/p>\n","protected":false},"author":1,"featured_media":105,"parent":0,"menu_order":0,"comment_status":"open","ping_status":"open","template":"","meta":{"footnotes":""},"class_list":["post-7","page","type-page","status-publish","has-post-thumbnail","hentry"],"aioseo_notices":[],"_links":{"self":[{"href":"https:\/\/www.whisky.com.uy\/pt\/wp-json\/wp\/v2\/pages\/7","targetHints":{"allow":["GET"]}}],"collection":[{"href":"https:\/\/www.whisky.com.uy\/pt\/wp-json\/wp\/v2\/pages"}],"about":[{"href":"https:\/\/www.whisky.com.uy\/pt\/wp-json\/wp\/v2\/types\/page"}],"author":[{"embeddable":true,"href":"https:\/\/www.whisky.com.uy\/pt\/wp-json\/wp\/v2\/users\/1"}],"replies":[{"embeddable":true,"href":"https:\/\/www.whisky.com.uy\/pt\/wp-json\/wp\/v2\/comments?post=7"}],"version-history":[{"count":29,"href":"https:\/\/www.whisky.com.uy\/pt\/wp-json\/wp\/v2\/pages\/7\/revisions"}],"predecessor-version":[{"id":1531,"href":"https:\/\/www.whisky.com.uy\/pt\/wp-json\/wp\/v2\/pages\/7\/revisions\/1531"}],"wp:featuredmedia":[{"embeddable":true,"href":"https:\/\/www.whisky.com.uy\/pt\/wp-json\/wp\/v2\/media\/105"}],"wp:attachment":[{"href":"https:\/\/www.whisky.com.uy\/pt\/wp-json\/wp\/v2\/media?parent=7"}],"curies":[{"name":"wp","href":"https:\/\/api.w.org\/{rel}","templated":true}]}}